{"id":68,"date":"2022-12-29T09:34:08","date_gmt":"2022-12-29T09:34:08","guid":{"rendered":"https:\/\/themepanthers.com\/wp\/vankine\/v1\/?page_id=68"},"modified":"2024-04-24T10:36:11","modified_gmt":"2024-04-24T07:36:11","slug":"contact","status":"publish","type":"page","link":"https:\/\/www.besabelge.com\/index.php\/contact\/","title":{"rendered":"Contact"},"content":{"rendered":"\t\t<div data-elementor-type=\"wp-page\" data-elementor-id=\"68\" class=\"elementor elementor-68\">\n\t\t\t\t\t\t<section class=\"elementor-section elementor-top-section elementor-element elementor-element-f7c5954 elementor-section-full_width elementor-section-height-default elementor-section-height-default\" data-id=\"f7c5954\" data-element_type=\"section\">\n\t\t\t\t\t\t<div class=\"elementor-container elementor-column-gap-default\">\n\t\t\t\t\t<div class=\"elementor-column elementor-col-25 elementor-top-column elementor-element elementor-element-6d1b942\" data-id=\"6d1b942\" data-element_type=\"column\">\n\t\t\t<div class=\"elementor-widget-wrap elementor-element-populated\">\n\t\t\t\t\t\t<div class=\"elementor-element elementor-element-0d86c92 elementor-widget elementor-widget-vankine-contact-box-v1\" data-id=\"0d86c92\" data-element_type=\"widget\" data-widget_type=\"vankine-contact-box-v1.default\">\n\t\t\t\t<div class=\"elementor-widget-container\">\n\t\t\t \r\n \r\n    <div class=\"contact_box_content\">\r\n                                                                                            <div class=\"icon trans\">\r\n                                <i aria-hidden=\"false\" class=\"fas fa-map-marked-alt\"><\/i>                            <\/div>\r\n                        \t\r\n                \t\r\n                                         \r\n            <div class=\"contact-infor\">\r\n                \r\n                <h6 class=\"title_no_a_24\">   \u0130zmir Merkez Ofis<\/h6>\r\n                                        <span>Mansuro\u011flu Mahallesi 286 Sokak No:35\/A G\u00fcltekinler \u0130\u015f Merkezi Daire:2,  Bayrakl\u0131\/ \u0130zmir\n<\/span>\r\n                    <\/div>\r\n                                        <\/div>\r\n \r\n  \r\n  \r\n\r\n  \r\n \r\n\r\n\r\n    \t\t<\/div>\n\t\t\t\t<\/div>\n\t\t\t\t\t<\/div>\n\t\t<\/div>\n\t\t\t\t<div class=\"elementor-column elementor-col-25 elementor-top-column elementor-element elementor-element-18d6a41\" data-id=\"18d6a41\" data-element_type=\"column\">\n\t\t\t<div class=\"elementor-widget-wrap elementor-element-populated\">\n\t\t\t\t\t\t<div class=\"elementor-element elementor-element-222b2f7 elementor-widget elementor-widget-vankine-contact-box-v1\" data-id=\"222b2f7\" data-element_type=\"widget\" data-widget_type=\"vankine-contact-box-v1.default\">\n\t\t\t\t<div class=\"elementor-widget-container\">\n\t\t\t \r\n \r\n    <div class=\"contact_box_content\">\r\n                                                                                            <div class=\"icon trans\">\r\n                                <i aria-hidden=\"false\" class=\"fas fa-map-marked-alt\"><\/i>                            <\/div>\r\n                        \t\r\n                \t\r\n                                         \r\n            <div class=\"contact-infor\">\r\n                \r\n                <h6 class=\"title_no_a_24\">   Ankara \u0130rtibat Ofisi<\/h6>\r\n                                        <span>Dumlupinar Bulvari No:274\/7 Mahall Ankara B Blok Kat:2 Daire:20, \u00c7ankaya\/Ankara\n<\/span>\r\n                    <\/div>\r\n                                        <\/div>\r\n \r\n  \r\n  \r\n\r\n  \r\n \r\n\r\n\r\n    \t\t<\/div>\n\t\t\t\t<\/div>\n\t\t\t\t\t<\/div>\n\t\t<\/div>\n\t\t\t\t<div class=\"elementor-column elementor-col-25 elementor-top-column elementor-element elementor-element-d212b03\" data-id=\"d212b03\" data-element_type=\"column\">\n\t\t\t<div class=\"elementor-widget-wrap elementor-element-populated\">\n\t\t\t\t\t\t<div class=\"elementor-element elementor-element-6c7367a elementor-widget elementor-widget-vankine-contact-box-v1\" data-id=\"6c7367a\" data-element_type=\"widget\" data-widget_type=\"vankine-contact-box-v1.default\">\n\t\t\t\t<div class=\"elementor-widget-container\">\n\t\t\t \r\n \r\n    <div class=\"contact_box_content\">\r\n                                                                                            <div class=\"icon trans\">\r\n                                <i aria-hidden=\"false\" class=\"fas fa-mail-bulk\"><\/i>                            <\/div>\r\n                        \t\r\n                \t\r\n                                                        <div class=\"contact-infor\">\r\n                   \r\n                <h6 class=\"title_no_a_24\">E-Posta<\/h6>\r\n            \r\n                                            <a href=\"mailto:info@besabelge.com\nmarka@besabelge.com\">info@besabelge.com\nmarka@besabelge.com<\/a>\r\n                                <\/div>\r\n                        <\/div>\r\n \r\n  \r\n  \r\n\r\n  \r\n \r\n\r\n\r\n    \t\t<\/div>\n\t\t\t\t<\/div>\n\t\t\t\t\t<\/div>\n\t\t<\/div>\n\t\t\t\t<div class=\"elementor-column elementor-col-25 elementor-top-column elementor-element elementor-element-c4f0774\" data-id=\"c4f0774\" data-element_type=\"column\">\n\t\t\t<div class=\"elementor-widget-wrap elementor-element-populated\">\n\t\t\t\t\t\t<div class=\"elementor-element elementor-element-0746b56 elementor-widget elementor-widget-vankine-contact-box-v1\" data-id=\"0746b56\" data-element_type=\"widget\" data-widget_type=\"vankine-contact-box-v1.default\">\n\t\t\t\t<div class=\"elementor-widget-container\">\n\t\t\t \r\n \r\n    <div class=\"contact_box_content\">\r\n                                                                                            <div class=\"icon trans\">\r\n                                <i class=\" fi-rr-phone-call\"><\/i>\r\n                            <\/div>\r\n                        \t\r\n                    \t\r\n                                                <div class=\"contact-infor\">\r\n                          \r\n                <h6 class=\"title_no_a_24\">Telefon<\/h6>\r\n                                        <a href=\"tel:+90 232 374 10 00\n\n\">+90 232 374 10 00\n\n<\/a>\r\n                                        <a href=\"tel:+90 530 238 44 14\">+90 530 238 44 14<\/a>\r\n                    <\/div>\r\n                                <\/div>\r\n \r\n  \r\n  \r\n\r\n  \r\n \r\n\r\n\r\n    \t\t<\/div>\n\t\t\t\t<\/div>\n\t\t\t\t\t<\/div>\n\t\t<\/div>\n\t\t\t\t\t<\/div>\n\t\t<\/section>\n\t\t\t\t<section class=\"elementor-section elementor-top-section elementor-element elementor-element-6036f71 elementor-section-boxed elementor-section-height-default elementor-section-height-default\" data-id=\"6036f71\" data-element_type=\"section\">\n\t\t\t\t\t\t<div class=\"elementor-container elementor-column-gap-extended\">\n\t\t\t\t\t<div class=\"elementor-column elementor-col-100 elementor-top-column elementor-element elementor-element-e6264fd\" data-id=\"e6264fd\" data-element_type=\"column\">\n\t\t\t<div class=\"elementor-widget-wrap elementor-element-populated\">\n\t\t\t\t\t\t<div class=\"elementor-element elementor-element-19a454b elementor-widget elementor-widget-vankine-social-media-v1\" data-id=\"19a454b\" data-element_type=\"widget\" data-widget_type=\"vankine-social-media-v1.default\">\n\t\t\t\t<div class=\"elementor-widget-container\">\n\t\t\t\r\n<div class=\"social-icons\">\r\n                       \r\n<ul>\r\n                    <li><a href=\"#\"  class=\"m_icon\"   > <i class=\"fa-brands fa-facebook\"><\/i>\r\n              \r\n            <\/a><\/li>\r\n                    <li><a href=\"#\"  class=\"m_icon\"   > <i class=\"fa-brands fa-twitter\"><\/i>\r\n              \r\n            <\/a><\/li>\r\n                    <li><a href=\"#\"  class=\"m_icon\"   > <i class=\"fa-brands fa-instagram\"><\/i>\r\n              \r\n            <\/a><\/li>\r\n                    <li><a href=\"#\"  class=\"m_icon\"   > <i class=\"fa-brands fa-linkedin-in\"><\/i>\r\n              \r\n            <\/a><\/li>\r\n                <\/ul>\r\n<\/div>\r\n \r\n\t\r\n\t\t\t\t<\/div>\n\t\t\t\t<\/div>\n\t\t\t\t\t<\/div>\n\t\t<\/div>\n\t\t\t\t\t<\/div>\n\t\t<\/section>\n\t\t\t\t<section class=\"elementor-section elementor-top-section elementor-element elementor-element-927a4fa elementor-section-full_width elementor-section-height-default elementor-section-height-default\" data-id=\"927a4fa\" data-element_type=\"section\">\n\t\t\t\t\t\t<div class=\"elementor-container elementor-column-gap-no\">\n\t\t\t\t\t<div class=\"elementor-column elementor-col-100 elementor-top-column elementor-element elementor-element-7a3e946\" data-id=\"7a3e946\" data-element_type=\"column\">\n\t\t\t<div class=\"elementor-widget-wrap elementor-element-populated\">\n\t\t\t\t\t\t<div class=\"elementor-element elementor-element-93d8865 elementor-widget__width-initial elementor-widget elementor-widget-google_maps\" data-id=\"93d8865\" data-element_type=\"widget\" data-widget_type=\"google_maps.default\">\n\t\t\t\t<div class=\"elementor-widget-container\">\n\t\t\t<style>\/*! elementor - v3.21.0 - 30-04-2024 *\/\n.elementor-widget-google_maps .elementor-widget-container{overflow:hidden}.elementor-widget-google_maps .elementor-custom-embed{line-height:0}.elementor-widget-google_maps iframe{height:300px}<\/style>\t\t<div class=\"elementor-custom-embed\">\n\t\t\t<iframe loading=\"lazy\"\n\t\t\t\t\tsrc=\"https:\/\/maps.google.com\/maps?q=Normpatent&#038;t=m&#038;z=11&#038;output=embed&#038;iwloc=near\"\n\t\t\t\t\ttitle=\"Normpatent\"\n\t\t\t\t\taria-label=\"Normpatent\"\n\t\t\t><\/iframe>\n\t\t<\/div>\n\t\t\t\t<\/div>\n\t\t\t\t<\/div>\n\t\t\t\t\t<\/div>\n\t\t<\/div>\n\t\t\t\t\t<\/div>\n\t\t<\/section>\n\t\t\t\t<section class=\"elementor-section elementor-top-section elementor-element elementor-element-39ea17a elementor-section-boxed elementor-section-height-default elementor-section-height-default\" data-id=\"39ea17a\" data-element_type=\"section\">\n\t\t\t\t\t\t<div class=\"elementor-container elementor-column-gap-default\">\n\t\t\t\t\t<div class=\"elementor-column elementor-col-100 elementor-top-column elementor-element elementor-element-6065c7a\" data-id=\"6065c7a\" data-element_type=\"column\">\n\t\t\t<div class=\"elementor-widget-wrap elementor-element-populated\">\n\t\t\t\t\t\t<div class=\"elementor-element elementor-element-13dfda0 elementor-widget elementor-widget-vankine-title-v1\" data-id=\"13dfda0\" data-element_type=\"widget\" data-widget_type=\"vankine-title-v1.default\">\n\t\t\t\t<div class=\"elementor-widget-container\">\n\t\t\t                    <div class=\"section_title type_one\">\r\n                            <h6 class=\"sm_title\"> \u0130leti\u015fim<\/h6>\r\n                                        <div class=\"title_whole\"> \r\n                        <h2 class=\"title\"> B\u0130ZE ULA\u015eIN  <\/h2>\r\n                <\/div>\r\n                                <\/div>\r\n            \r\n\r\n    \t\t<\/div>\n\t\t\t\t<\/div>\n\t\t\t\t\t<\/div>\n\t\t<\/div>\n\t\t\t\t\t<\/div>\n\t\t<\/section>\n\t\t\t\t<section class=\"elementor-section elementor-top-section elementor-element elementor-element-adc3c1d elementor-section-boxed elementor-section-height-default elementor-section-height-default\" data-id=\"adc3c1d\" data-element_type=\"section\">\n\t\t\t\t\t\t<div class=\"elementor-container elementor-column-gap-default\">\n\t\t\t\t\t<div class=\"elementor-column elementor-col-50 elementor-top-column elementor-element elementor-element-cceac86\" data-id=\"cceac86\" data-element_type=\"column\">\n\t\t\t<div class=\"elementor-widget-wrap elementor-element-populated\">\n\t\t\t\t\t\t<div class=\"elementor-element elementor-element-cfe89f0 elementor-widget elementor-widget-vankine-logo-v1\" data-id=\"cfe89f0\" data-element_type=\"widget\" data-widget_type=\"vankine-logo-v1.default\">\n\t\t\t\t<div class=\"elementor-widget-container\">\n\t\t\t<div class=\"logo_box\"> \r\n    <a href=\"https:\/\/www.besabelge.com\" class=\"logo d-block navbar-brand\"\r\n        >\r\n        <img decoding=\"async\" src=\"https:\/\/www.besabelge.com\/wp-content\/uploads\/2022\/12\/kirmizi_logo-1.jpg\" width=\"100\" height=\"70\"\r\n            alt=\"Normpatent\" class=\"logo_default\">\r\n    <\/a>\r\n<\/div>\r\n\t\t<\/div>\n\t\t\t\t<\/div>\n\t\t\t\t\t<\/div>\n\t\t<\/div>\n\t\t\t\t<div class=\"elementor-column elementor-col-50 elementor-top-column elementor-element elementor-element-3cc22cf\" data-id=\"3cc22cf\" data-element_type=\"column\">\n\t\t\t<div class=\"elementor-widget-wrap elementor-element-populated\">\n\t\t\t\t\t\t<div class=\"elementor-element elementor-element-4ee9ff0 elementor-widget elementor-widget-vankine-contact-form-v1\" data-id=\"4ee9ff0\" data-element_type=\"widget\" data-widget_type=\"vankine-contact-form-v1.default\">\n\t\t\t\t<div class=\"elementor-widget-container\">\n\t\t\t\r\n        <section class=\"contact_form_box_all\">\r\n        <div class=\"contact_form_shortcode\">\r\n                                                [wpforms id=\"4027\"]                                \r\n        <\/div>\r\n    <\/section>\r\n           \r\n\t\t\t\t<\/div>\n\t\t\t\t<\/div>\n\t\t\t\t\t<\/div>\n\t\t<\/div>\n\t\t\t\t\t<\/div>\n\t\t<\/section>\n\t\t\t\t<\/div>\n\t\t","protected":false},"excerpt":{"rendered":"<p>\u0130zmir Merkez Ofis Mansuro\u011flu Mahallesi 286 Sokak No:35\/A G\u00fcltekinler \u0130\u015f Merkezi Daire:2, Bayrakl\u0131\/ \u0130zmir Ankara \u0130rtibat Ofisi Dumlupinar Bulvari No:274\/7 Mahall Ankara B Blok Kat:2 Daire:20, \u00c7ankaya\/Ankara E-Posta info@besabelge.com marka@besabelge.com Telefon +90 232 374 10 00 +90 530 238 44 14 \u0130leti\u015fim B\u0130ZE ULA\u015eIN [wpforms id=&#8221;4027&#8243;]<\/p>\n","protected":false},"author":1,"featured_media":0,"parent":0,"menu_order":0,"comment_status":"closed","ping_status":"closed","template":"template-fullwidth.php","meta":{"_monsterinsights_skip_tracking":false,"_monsterinsights_sitenote_active":false,"_monsterinsights_sitenote_note":"","_monsterinsights_sitenote_category":0,"_joinchat":[]},"yoast_head":"<!-- This site is optimized with the Yoast SEO plugin v21.7 - https:\/\/yoast.com\/wordpress\/plugins\/seo\/ -->\n<title>Contact - Normpatent<\/title>\n<meta name=\"robots\" content=\"index, follow, max-snippet:-1, max-image-preview:large, max-video-preview:-1\" \/>\n<link rel=\"canonical\" href=\"https:\/\/www.besabelge.com\/index.php\/contact\/\" \/>\n<meta property=\"og:locale\" content=\"tr_TR\" \/>\n<meta property=\"og:type\" content=\"article\" \/>\n<meta property=\"og:title\" content=\"Contact - Normpatent\" \/>\n<meta property=\"og:description\" content=\"\u0130zmir Merkez Ofis Mansuro\u011flu Mahallesi 286 Sokak No:35\/A G\u00fcltekinler \u0130\u015f Merkezi Daire:2, Bayrakl\u0131\/ \u0130zmir Ankara \u0130rtibat Ofisi Dumlupinar Bulvari No:274\/7 Mahall Ankara B Blok Kat:2 Daire:20, \u00c7ankaya\/Ankara E-Posta info@besabelge.com marka@besabelge.com Telefon +90 232 374 10 00 +90 530 238 44 14 \u0130leti\u015fim B\u0130ZE ULA\u015eIN [wpforms id=&#8221;4027&#8243;]\" \/>\n<meta property=\"og:url\" content=\"https:\/\/www.besabelge.com\/index.php\/contact\/\" \/>\n<meta property=\"og:site_name\" content=\"Normpatent\" \/>\n<meta property=\"article:modified_time\" content=\"2024-04-24T07:36:11+00:00\" \/>\n<meta property=\"og:image\" content=\"https:\/\/www.besabelge.com\/wp-content\/uploads\/2022\/12\/kirmizi_logo-1.jpg\" \/>\n<meta name=\"twitter:card\" content=\"summary_large_image\" \/>\n<meta name=\"twitter:label1\" content=\"Tahmini okuma s\u00fcresi\" \/>\n\t<meta name=\"twitter:data1\" content=\"1 dakika\" \/>\n<script type=\"application\/ld+json\" class=\"yoast-schema-graph\">{\"@context\":\"https:\/\/schema.org\",\"@graph\":[{\"@type\":\"WebPage\",\"@id\":\"https:\/\/www.besabelge.com\/index.php\/contact\/\",\"url\":\"https:\/\/www.besabelge.com\/index.php\/contact\/\",\"name\":\"Contact - Normpatent\",\"isPartOf\":{\"@id\":\"https:\/\/www.besabelge.com\/#website\"},\"datePublished\":\"2022-12-29T09:34:08+00:00\",\"dateModified\":\"2024-04-24T07:36:11+00:00\",\"breadcrumb\":{\"@id\":\"https:\/\/www.besabelge.com\/index.php\/contact\/#breadcrumb\"},\"inLanguage\":\"tr\",\"potentialAction\":[{\"@type\":\"ReadAction\",\"target\":[\"https:\/\/www.besabelge.com\/index.php\/contact\/\"]}]},{\"@type\":\"BreadcrumbList\",\"@id\":\"https:\/\/www.besabelge.com\/index.php\/contact\/#breadcrumb\",\"itemListElement\":[{\"@type\":\"ListItem\",\"position\":1,\"name\":\"Anasayfa\",\"item\":\"https:\/\/www.besabelge.com\/\"},{\"@type\":\"ListItem\",\"position\":2,\"name\":\"Contact\"}]},{\"@type\":\"WebSite\",\"@id\":\"https:\/\/www.besabelge.com\/#website\",\"url\":\"https:\/\/www.besabelge.com\/\",\"name\":\"Normpatent\",\"description\":\"Marka Tescili - Patent Tescili - EPO Validation - PCT National Phase in Turkey\",\"publisher\":{\"@id\":\"https:\/\/www.besabelge.com\/#organization\"},\"potentialAction\":[{\"@type\":\"SearchAction\",\"target\":{\"@type\":\"EntryPoint\",\"urlTemplate\":\"https:\/\/www.besabelge.com\/?s={search_term_string}\"},\"query-input\":\"required name=search_term_string\"}],\"inLanguage\":\"tr\"},{\"@type\":\"Organization\",\"@id\":\"https:\/\/www.besabelge.com\/#organization\",\"name\":\"Normpatent\",\"url\":\"https:\/\/www.besabelge.com\/\",\"logo\":{\"@type\":\"ImageObject\",\"inLanguage\":\"tr\",\"@id\":\"https:\/\/www.besabelge.com\/#\/schema\/logo\/image\/\",\"url\":\"https:\/\/www.besabelge.com\/wp-content\/uploads\/2023\/04\/np_logo_ic_kirmizi.jpg\",\"contentUrl\":\"https:\/\/www.besabelge.com\/wp-content\/uploads\/2023\/04\/np_logo_ic_kirmizi.jpg\",\"width\":354,\"height\":354,\"caption\":\"Normpatent\"},\"image\":{\"@id\":\"https:\/\/www.besabelge.com\/#\/schema\/logo\/image\/\"},\"sameAs\":[\"https:\/\/www.linkedin.com\/company\/49108458\/admin\/\"]}]}<\/script>\n<!-- \/ Yoast SEO plugin. -->","yoast_head_json":{"title":"Contact - Normpatent","robots":{"index":"index","follow":"follow","max-snippet":"max-snippet:-1","max-image-preview":"max-image-preview:large","max-video-preview":"max-video-preview:-1"},"canonical":"https:\/\/www.besabelge.com\/index.php\/contact\/","og_locale":"tr_TR","og_type":"article","og_title":"Contact - Normpatent","og_description":"\u0130zmir Merkez Ofis Mansuro\u011flu Mahallesi 286 Sokak No:35\/A G\u00fcltekinler \u0130\u015f Merkezi Daire:2, Bayrakl\u0131\/ \u0130zmir Ankara \u0130rtibat Ofisi Dumlupinar Bulvari No:274\/7 Mahall Ankara B Blok Kat:2 Daire:20, \u00c7ankaya\/Ankara E-Posta info@besabelge.com marka@besabelge.com Telefon +90 232 374 10 00 +90 530 238 44 14 \u0130leti\u015fim B\u0130ZE ULA\u015eIN [wpforms id=&#8221;4027&#8243;]","og_url":"https:\/\/www.besabelge.com\/index.php\/contact\/","og_site_name":"Normpatent","article_modified_time":"2024-04-24T07:36:11+00:00","og_image":[{"url":"https:\/\/www.besabelge.com\/wp-content\/uploads\/2022\/12\/kirmizi_logo-1.jpg"}],"twitter_card":"summary_large_image","twitter_misc":{"Tahmini okuma s\u00fcresi":"1 dakika"},"schema":{"@context":"https:\/\/schema.org","@graph":[{"@type":"WebPage","@id":"https:\/\/www.besabelge.com\/index.php\/contact\/","url":"https:\/\/www.besabelge.com\/index.php\/contact\/","name":"Contact - Normpatent","isPartOf":{"@id":"https:\/\/www.besabelge.com\/#website"},"datePublished":"2022-12-29T09:34:08+00:00","dateModified":"2024-04-24T07:36:11+00:00","breadcrumb":{"@id":"https:\/\/www.besabelge.com\/index.php\/contact\/#breadcrumb"},"inLanguage":"tr","potentialAction":[{"@type":"ReadAction","target":["https:\/\/www.besabelge.com\/index.php\/contact\/"]}]},{"@type":"BreadcrumbList","@id":"https:\/\/www.besabelge.com\/index.php\/contact\/#breadcrumb","itemListElement":[{"@type":"ListItem","position":1,"name":"Anasayfa","item":"https:\/\/www.besabelge.com\/"},{"@type":"ListItem","position":2,"name":"Contact"}]},{"@type":"WebSite","@id":"https:\/\/www.besabelge.com\/#website","url":"https:\/\/www.besabelge.com\/","name":"Normpatent","description":"Marka Tescili - Patent Tescili - EPO Validation - PCT National Phase in Turkey","publisher":{"@id":"https:\/\/www.besabelge.com\/#organization"},"potentialAction":[{"@type":"SearchAction","target":{"@type":"EntryPoint","urlTemplate":"https:\/\/www.besabelge.com\/?s={search_term_string}"},"query-input":"required name=search_term_string"}],"inLanguage":"tr"},{"@type":"Organization","@id":"https:\/\/www.besabelge.com\/#organization","name":"Normpatent","url":"https:\/\/www.besabelge.com\/","logo":{"@type":"ImageObject","inLanguage":"tr","@id":"https:\/\/www.besabelge.com\/#\/schema\/logo\/image\/","url":"https:\/\/www.besabelge.com\/wp-content\/uploads\/2023\/04\/np_logo_ic_kirmizi.jpg","contentUrl":"https:\/\/www.besabelge.com\/wp-content\/uploads\/2023\/04\/np_logo_ic_kirmizi.jpg","width":354,"height":354,"caption":"Normpatent"},"image":{"@id":"https:\/\/www.besabelge.com\/#\/schema\/logo\/image\/"},"sameAs":["https:\/\/www.linkedin.com\/company\/49108458\/admin\/"]}]}},"_links":{"self":[{"href":"https:\/\/www.besabelge.com\/index.php\/wp-json\/wp\/v2\/pages\/68"}],"collection":[{"href":"https:\/\/www.besabelge.com\/index.php\/wp-json\/wp\/v2\/pages"}],"about":[{"href":"https:\/\/www.besabelge.com\/index.php\/wp-json\/wp\/v2\/types\/page"}],"author":[{"embeddable":true,"href":"https:\/\/www.besabelge.com\/index.php\/wp-json\/wp\/v2\/users\/1"}],"replies":[{"embeddable":true,"href":"https:\/\/www.besabelge.com\/index.php\/wp-json\/wp\/v2\/comments?post=68"}],"version-history":[{"count":34,"href":"https:\/\/www.besabelge.com\/index.php\/wp-json\/wp\/v2\/pages\/68\/revisions"}],"predecessor-version":[{"id":4857,"href":"https:\/\/www.besabelge.com\/index.php\/wp-json\/wp\/v2\/pages\/68\/revisions\/4857"}],"wp:attachment":[{"href":"https:\/\/www.besabelge.com\/index.php\/wp-json\/wp\/v2\/media?parent=68"}],"curies":[{"name":"wp","href":"https:\/\/api.w.org\/{rel}","templated":true}]}}